{"id":7903,"date":"2016-10-23T14:52:31","date_gmt":"2016-10-23T14:52:31","guid":{"rendered":"https:\/\/elitegraphicdesign.com\/en\/38pt-de-luxe\/"},"modified":"2024-06-13T21:29:33","modified_gmt":"2024-06-14T01:29:33","slug":"38pt-de-luxe","status":"publish","type":"product","link":"https:\/\/elitegraphicdesign.com\/fr\/product\/38pt-de-luxe\/","title":{"rendered":"32pt Luxe + Bord en couleur"},"content":{"rendered":"<table style=\"height: 55px;\" border=\"0\" width=\"569\">\n<tbody>\n<tr>\n<td colspan=\"2\">\n<h3>32pt Luxe + Bord en couleur<\/h3>\n<\/td>\n<\/tr>\n<tr>\n<td><span style=\"color: #000000;\">Type de papier<\/span><\/td>\n<td>32PT avec bords color\u00e9s (Noir, Rouge, Bleu, Jaune, Argent, Or, Blanc)<\/td>\n<\/tr>\n<tr>\n<td><span style=\"color: #000000;\">enrobage<\/span><\/td>\n<td>\n<div id=\"spec-title\">Non couch\u00e9<\/div>\n<\/td>\n<\/tr>\n<tr>\n<td><span style=\"color: #000000;\">Couleur<\/span><\/td>\n<td>\n<div id=\"spec-title\">CMJN couleur : recto (4\/0) ou recto verso (4\/4)<\/div>\n<\/td>\n<\/tr>\n<tr>\n<td><span style=\"color: #000000;\"> Grandeurs<\/span><\/td>\n<td>3.5\u201d x 2\u201d<\/td>\n<\/tr>\n<tr>\n<td><span style=\"color: #000000;\"> Finition<\/span><\/td>\n<td>\n<div id=\"spec-title\">D\u00e9coup\u00e9 sur mesure et mis en bo\u00eete.<\/div>\n<\/td>\n<\/tr>\n<tr>\n<td><span style=\"color: #000000;\"> Type de fichier accept\u00e9<\/span><\/td>\n<td>PDF, Resolution (300dpi).<\/td>\n<\/tr>\n<tr>\n<td><span style=\"color: #000000;\"> Autre quantit\u00e9 disponible<\/span><\/td>\n<td>Pour plus d&rsquo;informations <span style=\"text-decoration: underline;\"><a href=\"mailto:info@elitegraphicdesign.com\">info@elitegraphicdesign.com<\/a><\/span><\/td>\n<\/tr>\n<\/tbody>\n<\/table>\n<p><a href=\"https:\/\/elitegraphicdesign.com\/wp-content\/uploads\/2016\/10\/painted-bc-one.png\"><img decoding=\"async\" class=\" wp-image-35303\" src=\"https:\/\/elitegraphicdesign.com\/wp-content\/uploads\/2016\/10\/painted-bc-one.png\" alt=\"Carte de visite 32pt + bord en couleur\" width=\"287\" height=\"174\" title=\"\"><\/a><\/p>\n<h3><\/h3>\n","protected":false},"excerpt":{"rendered":"<div class=\"clear\">Les cartes de visite sont largement utilis\u00e9es comme outil de r\u00e9seautage et comme moyen de faire une bonne premi\u00e8re impression. Nos cartes de visite de luxe sont plus de deux fois plus \u00e9paisses que nos cartes de visite standards. Ces cartes sont dot\u00e9es de bords color\u00e9s qui ne manqueront pas de se faire remarquer.<\/div>\n","protected":false},"featured_media":7531,"comment_status":"closed","ping_status":"closed","template":"","meta":{"_acf_changed":false},"product_brand":[],"product_cat":[434],"product_tag":[3106,482],"class_list":{"0":"post-7903","1":"product","2":"type-product","3":"status-publish","4":"has-post-thumbnail","6":"product_cat-cartes-daffaires","7":"product_tag-32pt-luxe","8":"product_tag-cartes-daffaires","10":"first","11":"instock","12":"taxable","13":"shipping-taxable","14":"purchasable","15":"product-type-variable"},"acf":[],"_links":{"self":[{"href":"https:\/\/elitegraphicdesign.com\/fr\/wp-json\/wp\/v2\/product\/7903","targetHints":{"allow":["GET"]}}],"collection":[{"href":"https:\/\/elitegraphicdesign.com\/fr\/wp-json\/wp\/v2\/product"}],"about":[{"href":"https:\/\/elitegraphicdesign.com\/fr\/wp-json\/wp\/v2\/types\/product"}],"replies":[{"embeddable":true,"href":"https:\/\/elitegraphicdesign.com\/fr\/wp-json\/wp\/v2\/comments?post=7903"}],"wp:featuredmedia":[{"embeddable":true,"href":"https:\/\/elitegraphicdesign.com\/fr\/wp-json\/wp\/v2\/media\/7531"}],"wp:attachment":[{"href":"https:\/\/elitegraphicdesign.com\/fr\/wp-json\/wp\/v2\/media?parent=7903"}],"wp:term":[{"taxonomy":"product_brand","embeddable":true,"href":"https:\/\/elitegraphicdesign.com\/fr\/wp-json\/wp\/v2\/product_brand?post=7903"},{"taxonomy":"product_cat","embeddable":true,"href":"https:\/\/elitegraphicdesign.com\/fr\/wp-json\/wp\/v2\/product_cat?post=7903"},{"taxonomy":"product_tag","embeddable":true,"href":"https:\/\/elitegraphicdesign.com\/fr\/wp-json\/wp\/v2\/product_tag?post=7903"}],"curies":[{"name":"wp","href":"https:\/\/api.w.org\/{rel}","templated":true}]}}