{"id":7986,"date":"2016-10-23T21:07:10","date_gmt":"2016-10-23T21:07:10","guid":{"rendered":"https:\/\/elitegraphicdesign.com\/en\/cartes-en-lin-13pt\/"},"modified":"2024-06-14T13:38:33","modified_gmt":"2024-06-14T17:38:33","slug":"cartes-linen-13pt","status":"publish","type":"product","link":"https:\/\/elitegraphicdesign.com\/fr\/product\/cartes-linen-13pt\/","title":{"rendered":"Cartes de visite &#8211; Lin 13pt"},"content":{"rendered":"<table style=\"height: 55px;\" border=\"0\" width=\"569\">\n<tbody>\n<tr>\n<td colspan=\"2\">\n<h3>D\u00e9tails de la carte de visite<\/h3>\n<\/td>\n<\/tr>\n<tr>\n<td><span style=\"color: #000000;\">Type de papier<\/span><\/td>\n<td>\n<div id=\"spec-title\">\n<div id=\"spec-title\">\n<div id=\"spec-title\">\n<div id=\"spec-title\">Papier cartonn\u00e9 en lin 13 points<\/div>\n<\/div>\n<\/div>\n<\/div>\n<\/td>\n<\/tr>\n<tr>\n<td><span style=\"color: #000000;\">enrobage<\/span><\/td>\n<td>\n<div id=\"spec-title\">\n<div id=\"spec-title\">\n<div id=\"spec-title\">\n<div id=\"spec-title\">\n<div id=\"spec-title\">Pas de rev\u00eatement<\/div>\n<\/div>\n<\/div>\n<\/div>\n<\/div>\n<\/td>\n<\/tr>\n<tr>\n<td><span style=\"color: #000000;\">Couleur<\/span><\/td>\n<td>CMJN couleur : recto (4\/0) ou recto verso (4\/4)<\/td>\n<\/tr>\n<tr>\n<td><span style=\"color: #000000;\"> Grandeurs<\/span><\/td>\n<td>\n<div id=\"spec-title\"> 3.5\u201d x 2\u201d<\/div>\n<\/td>\n<\/tr>\n<tr>\n<td><span style=\"color: #000000;\"> Finition<\/span><\/td>\n<td>\n<div id=\"spec-title\">\n<div id=\"spec-title\">D\u00e9coup\u00e9 sur mesure et mis en bo\u00eete.<\/div>\n<\/div>\n<\/td>\n<\/tr>\n<tr>\n<td><span style=\"color: #000000;\"> Type de fichier accept\u00e9<\/span><\/td>\n<td>PDF, Resolution (300dpi).<\/td>\n<\/tr>\n<tr>\n<td><span style=\"color: #000000;\"> Autre quantit\u00e9 disponible<\/span><\/td>\n<td>Pour plus d&rsquo;informations <span style=\"text-decoration: underline;\"><a href=\"mailto:info@elitegraphicdesign.com\">info@elitegraphicdesign.com<\/a><\/span><\/td>\n<\/tr>\n<\/tbody>\n<\/table>\n<p>&nbsp;<\/p>\n","protected":false},"excerpt":{"rendered":"<p>Les cartes de visite sont largement utilis\u00e9es comme outil de r\u00e9seautage et comme moyen de faire une bonne premi\u00e8re impression. Les cartes de visite en lin offrent un look haut de gamme et une sensation distinctive qui se d\u00e9marque.<\/p>\n","protected":false},"featured_media":7533,"comment_status":"closed","ping_status":"closed","template":"","meta":{"_acf_changed":false},"product_brand":[],"product_cat":[434],"product_tag":[465,482,499],"class_list":{"0":"post-7986","1":"product","2":"type-product","3":"status-publish","4":"has-post-thumbnail","6":"product_cat-cartes-daffaires","7":"product_tag-13pt-fr","8":"product_tag-cartes-daffaires","9":"product_tag-lin","11":"first","12":"instock","13":"taxable","14":"shipping-taxable","15":"purchasable","16":"product-type-variable"},"acf":[],"_links":{"self":[{"href":"https:\/\/elitegraphicdesign.com\/fr\/wp-json\/wp\/v2\/product\/7986","targetHints":{"allow":["GET"]}}],"collection":[{"href":"https:\/\/elitegraphicdesign.com\/fr\/wp-json\/wp\/v2\/product"}],"about":[{"href":"https:\/\/elitegraphicdesign.com\/fr\/wp-json\/wp\/v2\/types\/product"}],"replies":[{"embeddable":true,"href":"https:\/\/elitegraphicdesign.com\/fr\/wp-json\/wp\/v2\/comments?post=7986"}],"wp:featuredmedia":[{"embeddable":true,"href":"https:\/\/elitegraphicdesign.com\/fr\/wp-json\/wp\/v2\/media\/7533"}],"wp:attachment":[{"href":"https:\/\/elitegraphicdesign.com\/fr\/wp-json\/wp\/v2\/media?parent=7986"}],"wp:term":[{"taxonomy":"product_brand","embeddable":true,"href":"https:\/\/elitegraphicdesign.com\/fr\/wp-json\/wp\/v2\/product_brand?post=7986"},{"taxonomy":"product_cat","embeddable":true,"href":"https:\/\/elitegraphicdesign.com\/fr\/wp-json\/wp\/v2\/product_cat?post=7986"},{"taxonomy":"product_tag","embeddable":true,"href":"https:\/\/elitegraphicdesign.com\/fr\/wp-json\/wp\/v2\/product_tag?post=7986"}],"curies":[{"name":"wp","href":"https:\/\/api.w.org\/{rel}","templated":true}]}}