{"id":8858,"date":"2016-11-18T03:47:20","date_gmt":"2016-11-18T03:47:20","guid":{"rendered":"https:\/\/elitegraphicdesign.com\/en\/signet-16pt-fini-mat\/"},"modified":"2024-06-12T14:03:52","modified_gmt":"2024-06-12T18:03:52","slug":"signet-16pt-fini-mat","status":"publish","type":"product","link":"https:\/\/elitegraphicdesign.com\/fr\/product\/signet-16pt-fini-mat\/","title":{"rendered":"16pt + Finition mate"},"content":{"rendered":"<table style=\"height: 376px;\" border=\"0\" width=\"570\">\n<tbody>\n<tr>\n<td colspan=\"2\">\n<h3>D\u00e9tails des signets<\/h3>\n<\/td>\n<\/tr>\n<tr>\n<td><span style=\"color: #000000;\">Type de papier<\/span><\/td>\n<td>95 Lumineux 16pt C2S Stock<\/td>\n<\/tr>\n<tr>\n<td><span style=\"color: #000000;\">enrobage<\/span><\/td>\n<td><strong>Finition mate<br \/>\n<\/strong><\/td>\n<\/tr>\n<tr>\n<td><span style=\"color: #000000;\">Couleur<\/span><\/td>\n<td>CMJN couleur : recto (4\/0) ou recto verso (4\/4)<\/td>\n<\/tr>\n<tr>\n<td><span style=\"color: #000000;\"> Grandeurs<\/span><\/td>\n<td>\n<table style=\"height: 98px;\" border=\"0\" width=\"334\" cellspacing=\"0\" cellpadding=\"0\">\n<tbody>\n<tr>\n<td>2&Prime;x7&Prime;<\/td>\n<td>2.5&Prime;x8.5&Prime;<\/td>\n<td><\/td>\n<\/tr>\n<tr>\n<td>2.75&Prime;x8.5&Prime;<\/td>\n<td>3.5&Prime;x8.5&Prime;<\/td>\n<td><\/td>\n<\/tr>\n<tr>\n<td><\/td>\n<td><\/td>\n<td><\/td>\n<\/tr>\n<\/tbody>\n<\/table>\n<\/td>\n<\/tr>\n<tr>\n<td><span style=\"color: #000000;\"> Finition<\/span><\/td>\n<td>D\u00e9coup\u00e9 sur mesure et mis en bo\u00eete.<\/td>\n<\/tr>\n<tr>\n<td><span style=\"color: #000000;\"> Type de fichier accept\u00e9<\/span><\/td>\n<td>PDF, Resolution (300dpi).<\/td>\n<\/tr>\n<tr>\n<td colspan=\"2\"><span style=\"color: #282828;\">Autres quantit\u00e9s et tailles disponibles :<\/span>Pour plus d&rsquo;informations<span style=\"text-decoration: underline;\"><a href=\"mailto:info@elitegraphicdesign.com\">info@elitegraphicdesign.com<\/a><\/span><\/td>\n<\/tr>\n<\/tbody>\n<\/table>\n<p>&nbsp;<\/p>\n","protected":false},"excerpt":{"rendered":"<p>Nos marque-pages de haute qualit\u00e9 peuvent \u00eatre utilis\u00e9s pour marquer votre place dans un livre.<\/p>\n","protected":false},"featured_media":4073,"comment_status":"closed","ping_status":"closed","template":"","meta":{"_acf_changed":false},"product_brand":[],"product_cat":[432],"product_tag":[469,505,504,480],"class_list":{"0":"post-8858","1":"product","2":"type-product","3":"status-publish","4":"has-post-thumbnail","6":"product_cat-signets","7":"product_tag-16pt-fr","8":"product_tag-fini-mat","9":"product_tag-mat-aq","10":"product_tag-signets","12":"first","13":"instock","14":"taxable","15":"shipping-taxable","16":"purchasable","17":"product-type-variable"},"acf":[],"_links":{"self":[{"href":"https:\/\/elitegraphicdesign.com\/fr\/wp-json\/wp\/v2\/product\/8858","targetHints":{"allow":["GET"]}}],"collection":[{"href":"https:\/\/elitegraphicdesign.com\/fr\/wp-json\/wp\/v2\/product"}],"about":[{"href":"https:\/\/elitegraphicdesign.com\/fr\/wp-json\/wp\/v2\/types\/product"}],"replies":[{"embeddable":true,"href":"https:\/\/elitegraphicdesign.com\/fr\/wp-json\/wp\/v2\/comments?post=8858"}],"wp:featuredmedia":[{"embeddable":true,"href":"https:\/\/elitegraphicdesign.com\/fr\/wp-json\/wp\/v2\/media\/4073"}],"wp:attachment":[{"href":"https:\/\/elitegraphicdesign.com\/fr\/wp-json\/wp\/v2\/media?parent=8858"}],"wp:term":[{"taxonomy":"product_brand","embeddable":true,"href":"https:\/\/elitegraphicdesign.com\/fr\/wp-json\/wp\/v2\/product_brand?post=8858"},{"taxonomy":"product_cat","embeddable":true,"href":"https:\/\/elitegraphicdesign.com\/fr\/wp-json\/wp\/v2\/product_cat?post=8858"},{"taxonomy":"product_tag","embeddable":true,"href":"https:\/\/elitegraphicdesign.com\/fr\/wp-json\/wp\/v2\/product_tag?post=8858"}],"curies":[{"name":"wp","href":"https:\/\/api.w.org\/{rel}","templated":true}]}}