{"id":9337,"date":"2016-11-24T20:25:50","date_gmt":"2016-11-24T20:25:50","guid":{"rendered":"https:\/\/elitegraphicdesign.com\/en\/9337\/"},"modified":"2024-05-29T12:52:35","modified_gmt":"2024-05-29T16:52:35","slug":"livrets-8-5x5-5","status":"publish","type":"product","link":"https:\/\/elitegraphicdesign.com\/fr\/product\/livrets-8-5x5-5\/","title":{"rendered":"Livrets 8,5&Prime;x5,5&Prime;"},"content":{"rendered":"<table style=\"height: 376px;\" border=\"0\" width=\"570\">\n<tbody>\n<tr>\n<td colspan=\"2\">\n<h3>D\u00e9tails du livret<\/h3>\n<\/td>\n<\/tr>\n<tr>\n<td><span style=\"color: #000000;\">Type de papier<\/span><\/td>\n<td>Papier brillant de 200M<\/td>\n<\/tr>\n<tr>\n<td><span style=\"color: #000000;\">enrobage<\/span><\/td>\n<td><strong>Pas de rev\u00eatement<br \/>\n<\/strong><\/td>\n<\/tr>\n<tr>\n<td><span style=\"color: #000000;\">Couleur<\/span><\/td>\n<td>Couleur : 2 c\u00f4t\u00e9s CMYK (4\/4)<\/td>\n<\/tr>\n<tr>\n<td><span style=\"color: #000000;\"> Grandeurs<\/span><\/td>\n<td>8.5&Prime;x5.5&Prime;<\/td>\n<\/tr>\n<tr>\n<td><span style=\"color: #000000;\"> Finition<\/span><\/td>\n<td>Pliage, assemblage, piq\u00fbre \u00e0 cheval, mise en bo\u00eete<\/td>\n<\/tr>\n<tr>\n<td>Types de couverture<\/td>\n<td>Auto-couverture (texte brillant de 100 lb)<\/td>\n<\/tr>\n<tr>\n<td><span style=\"color: #000000;\"> Type de fichier accept\u00e9<\/span><\/td>\n<td>PDF, Resolution (300dpi).<\/td>\n<\/tr>\n<tr>\n<td colspan=\"2\"><span style=\"color: #282828;\">Autres quantit\u00e9s et tailles disponibles :<\/span>Pour plus d&rsquo;informations<span style=\"text-decoration: underline;\"><a href=\"mailto:info@elitegraphicdesign.com\">info@elitegraphicdesign.com<\/a><\/span><\/td>\n<\/tr>\n<\/tbody>\n<\/table>\n<p><strong>Instructions sp\u00e9ciales:<\/strong><\/p>\n<p>Le nombre de pages command\u00e9es comprend les pages de couverture. Une \u00e9preuve PDF basse r\u00e9solution pour approbation est envoy\u00e9e \u00e0 l&rsquo;adresse e-mail du titulaire du compte. Le temps de production commence une fois l\u2019approbation \u00e9crite re\u00e7ue.<br \/>\nLes tailles personnalis\u00e9es peuvent \u00eatre soumises \u00e0 des frais administratifs suppl\u00e9mentaires.<\/p>\n<p><img decoding=\"async\" class=\"size-full wp-image-4712 alignleft\" src=\"https:\/\/elitegraphicdesign.com\/wp-content\/uploads\/2016\/11\/binding-edge.jpg\" alt=\"bord de reliure\" width=\"570\" height=\"200\" title=\"\" srcset=\"https:\/\/elitegraphicdesign.com\/wp-content\/uploads\/2016\/11\/binding-edge.jpg 570w, https:\/\/elitegraphicdesign.com\/wp-content\/uploads\/2016\/11\/binding-edge-510x179.jpg 510w, https:\/\/elitegraphicdesign.com\/wp-content\/uploads\/2016\/11\/binding-edge-300x105.jpg 300w\" sizes=\"(max-width: 570px) 100vw, 570px\" \/><\/p>\n","protected":false},"excerpt":{"rendered":"<p>Les livrets sont des documents reli\u00e9s de plusieurs pages tels que des guides de produits et des magazines.<\/p>\n","protected":false},"featured_media":7597,"comment_status":"closed","ping_status":"closed","template":"","meta":{"_acf_changed":false},"product_brand":[],"product_cat":[431],"product_tag":[473,474,479],"class_list":{"0":"post-9337","1":"product","2":"type-product","3":"status-publish","4":"has-post-thumbnail","6":"product_cat-livrets","7":"product_tag-100lb-fr","8":"product_tag-200m-fr","9":"product_tag-livrets","11":"first","12":"instock","13":"taxable","14":"shipping-taxable","15":"purchasable","16":"product-type-variable"},"acf":[],"_links":{"self":[{"href":"https:\/\/elitegraphicdesign.com\/fr\/wp-json\/wp\/v2\/product\/9337","targetHints":{"allow":["GET"]}}],"collection":[{"href":"https:\/\/elitegraphicdesign.com\/fr\/wp-json\/wp\/v2\/product"}],"about":[{"href":"https:\/\/elitegraphicdesign.com\/fr\/wp-json\/wp\/v2\/types\/product"}],"replies":[{"embeddable":true,"href":"https:\/\/elitegraphicdesign.com\/fr\/wp-json\/wp\/v2\/comments?post=9337"}],"wp:featuredmedia":[{"embeddable":true,"href":"https:\/\/elitegraphicdesign.com\/fr\/wp-json\/wp\/v2\/media\/7597"}],"wp:attachment":[{"href":"https:\/\/elitegraphicdesign.com\/fr\/wp-json\/wp\/v2\/media?parent=9337"}],"wp:term":[{"taxonomy":"product_brand","embeddable":true,"href":"https:\/\/elitegraphicdesign.com\/fr\/wp-json\/wp\/v2\/product_brand?post=9337"},{"taxonomy":"product_cat","embeddable":true,"href":"https:\/\/elitegraphicdesign.com\/fr\/wp-json\/wp\/v2\/product_cat?post=9337"},{"taxonomy":"product_tag","embeddable":true,"href":"https:\/\/elitegraphicdesign.com\/fr\/wp-json\/wp\/v2\/product_tag?post=9337"}],"curies":[{"name":"wp","href":"https:\/\/api.w.org\/{rel}","templated":true}]}}